{"id":1996,"date":"2022-05-31T11:04:06","date_gmt":"2022-05-31T11:04:06","guid":{"rendered":"https:\/\/klbtheme.com\/clotya\/?page_id=1996"},"modified":"2025-06-06T16:20:12","modified_gmt":"2025-06-06T16:20:12","slug":"about-us","status":"publish","type":"page","link":"https:\/\/zintiquestore.com\/en\/about-us\/","title":{"rendered":"A Propos de Zintiquestore"},"content":{"rendered":"<div data-elementor-type=\"wp-page\" data-elementor-id=\"1996\" class=\"elementor elementor-1996\">\n\t\t\t\t<div class=\"elementor-element elementor-element-88d0095 e-flex e-con-boxed e-con e-parent\" data-id=\"88d0095\" data-element_type=\"container\">\n\t\t\t\t\t<div class=\"e-con-inner\">\n\t\t\t\t<div class=\"elementor-element elementor-element-b736a0c elementor-widget elementor-widget-image\" data-id=\"b736a0c\" data-element_type=\"widget\" data-widget_type=\"image.default\">\n\t\t\t\t<div class=\"elementor-widget-container\">\n\t\t\t\t\t\t\t\t\t\t\t\t\t\t\t<img fetchpriority=\"high\" decoding=\"async\" width=\"960\" height=\"339\" src=\"https:\/\/zintiquestore.com\/wp-content\/uploads\/2025\/05\/Design-sans-titre-3-1024x362.png\" class=\"attachment-large size-large wp-image-3277\" alt=\"\" srcset=\"https:\/\/zintiquestore.com\/wp-content\/uploads\/2025\/05\/Design-sans-titre-3-1024x362.png 1024w, https:\/\/zintiquestore.com\/wp-content\/uploads\/2025\/05\/Design-sans-titre-3-300x106.png 300w, https:\/\/zintiquestore.com\/wp-content\/uploads\/2025\/05\/Design-sans-titre-3-768x272.png 768w, https:\/\/zintiquestore.com\/wp-content\/uploads\/2025\/05\/Design-sans-titre-3-1536x543.png 1536w, https:\/\/zintiquestore.com\/wp-content\/uploads\/2025\/05\/Design-sans-titre-3-600x212.png 600w, https:\/\/zintiquestore.com\/wp-content\/uploads\/2025\/05\/Design-sans-titre-3-90x32.png 90w, https:\/\/zintiquestore.com\/wp-content\/uploads\/2025\/05\/Design-sans-titre-3.png 1922w\" sizes=\"(max-width: 960px) 100vw, 960px\" \/>\t\t\t\t\t\t\t\t\t\t\t\t\t\t\t<\/div>\n\t\t\t\t<\/div>\n\t\t\t\t\t<\/div>\n\t\t\t\t<\/div>\n\t\t<div class=\"elementor-element elementor-element-6d0cb01 e-flex e-con-boxed e-con e-parent\" data-id=\"6d0cb01\" data-element_type=\"container\">\n\t\t\t\t\t<div class=\"e-con-inner\">\n\t\t\t\t<div class=\"elementor-element elementor-element-6b63c14 elementor-widget elementor-widget-heading\" data-id=\"6b63c14\" data-element_type=\"widget\" data-widget_type=\"heading.default\">\n\t\t\t\t<div class=\"elementor-widget-container\">\n\t\t\t\t\t<h1 class=\"elementor-heading-title elementor-size-default\"><span data-elementor-setting-key=\"title\" data-pen-placeholder=\"Type Here...\" style=\"font-size: calc(1.325rem + 0.9vw);letter-spacing: 0px;text-align: center\">A propos de Zintiquestore<\/span><\/h1>\t\t\t\t<\/div>\n\t\t\t\t<\/div>\n\t\t\t\t\t<\/div>\n\t\t\t\t<\/div>\n\t\t<div class=\"elementor-element elementor-element-286bf59 e-flex e-con-boxed e-con e-parent\" data-id=\"286bf59\" data-element_type=\"container\">\n\t\t\t\t\t<div class=\"e-con-inner\">\n\t\t\t\t<div class=\"elementor-element elementor-element-46c4dd1 elementor-widget elementor-widget-text-editor\" data-id=\"46c4dd1\" data-element_type=\"widget\" data-widget_type=\"text-editor.default\">\n\t\t\t\t<div class=\"elementor-widget-container\">\n\t\t\t\t\t\t\t\t\t<p>Bienvenue chez Zintiquestore, votre boutique en ligne d\u00e9di\u00e9e \u00e0 la mode f\u00e9minine pudique et \u00e9l\u00e9gante.Sp\u00e9cialement con\u00e7ue pour les femmes et les jeunes filles.<\/p>\t\t\t\t\t\t\t\t<\/div>\n\t\t\t\t<\/div>\n\t\t\t\t\t<\/div>\n\t\t\t\t<\/div>\n\t\t<div class=\"elementor-element elementor-element-ee3cd1d e-grid e-con-boxed e-con e-parent\" data-id=\"ee3cd1d\" data-element_type=\"container\">\n\t\t\t\t\t<div class=\"e-con-inner\">\n\t\t\t\t<div class=\"elementor-element elementor-element-b23bcfe elementor-widget elementor-widget-image\" data-id=\"b23bcfe\" data-element_type=\"widget\" data-widget_type=\"image.default\">\n\t\t\t\t<div class=\"elementor-widget-container\">\n\t\t\t\t\t\t\t\t\t\t\t\t\t\t\t<img decoding=\"async\" width=\"600\" height=\"600\" src=\"https:\/\/zintiquestore.com\/wp-content\/uploads\/2025\/05\/3.png\" class=\"attachment-large size-large wp-image-3350\" alt=\"\" srcset=\"https:\/\/zintiquestore.com\/wp-content\/uploads\/2025\/05\/3.png 600w, https:\/\/zintiquestore.com\/wp-content\/uploads\/2025\/05\/3-300x300.png 300w, https:\/\/zintiquestore.com\/wp-content\/uploads\/2025\/05\/3-150x150.png 150w, https:\/\/zintiquestore.com\/wp-content\/uploads\/2025\/05\/3-12x12.png 12w, https:\/\/zintiquestore.com\/wp-content\/uploads\/2025\/05\/3-450x450.png 450w, https:\/\/zintiquestore.com\/wp-content\/uploads\/2025\/05\/3-54x54.png 54w\" sizes=\"(max-width: 600px) 100vw, 600px\" \/>\t\t\t\t\t\t\t\t\t\t\t\t\t\t\t<\/div>\n\t\t\t\t<\/div>\n\t\t\t\t<div class=\"elementor-element elementor-element-a777a35 elementor-widget elementor-widget-image\" data-id=\"a777a35\" data-element_type=\"widget\" data-widget_type=\"image.default\">\n\t\t\t\t<div class=\"elementor-widget-container\">\n\t\t\t\t\t\t\t\t\t\t\t\t\t\t\t\t<a href=\"https:\/\/zintiquestore.com\/shop\/?filter_cat=93\">\n\t\t\t\t\t\t\t<img decoding=\"async\" width=\"600\" height=\"600\" src=\"https:\/\/zintiquestore.com\/wp-content\/uploads\/2025\/05\/2.png\" class=\"attachment-large size-large wp-image-3345\" alt=\"Femme portant un burkini \u00e9l\u00e9gant de la boutique Zintiquestore, compos\u00e9 d\u2019un haut long manches, d\u2019un pantalon assorti et d\u2019un bonnet de bain, dans des tons bleu marine et turquoise avec des motifs g\u00e9om\u00e9triques modernes.\" srcset=\"https:\/\/zintiquestore.com\/wp-content\/uploads\/2025\/05\/2.png 600w, https:\/\/zintiquestore.com\/wp-content\/uploads\/2025\/05\/2-300x300.png 300w, https:\/\/zintiquestore.com\/wp-content\/uploads\/2025\/05\/2-150x150.png 150w, https:\/\/zintiquestore.com\/wp-content\/uploads\/2025\/05\/2-12x12.png 12w, https:\/\/zintiquestore.com\/wp-content\/uploads\/2025\/05\/2-450x450.png 450w, https:\/\/zintiquestore.com\/wp-content\/uploads\/2025\/05\/2-54x54.png 54w\" sizes=\"(max-width: 600px) 100vw, 600px\" \/>\t\t\t\t\t\t\t\t<\/a>\n\t\t\t\t\t\t\t\t\t\t\t\t\t\t\t<\/div>\n\t\t\t\t<\/div>\n\t\t\t\t<div class=\"elementor-element elementor-element-6862fb4 elementor-widget elementor-widget-image\" data-id=\"6862fb4\" data-element_type=\"widget\" data-widget_type=\"image.default\">\n\t\t\t\t<div class=\"elementor-widget-container\">\n\t\t\t\t\t\t\t\t\t\t\t\t\t\t\t\t<a href=\"https:\/\/zintiquestore.com\/shop\/?filter_cat=98\">\n\t\t\t\t\t\t\t<img loading=\"lazy\" decoding=\"async\" width=\"600\" height=\"600\" src=\"https:\/\/zintiquestore.com\/wp-content\/uploads\/2025\/05\/1.png\" class=\"attachment-large size-large wp-image-3349\" alt=\"\" srcset=\"https:\/\/zintiquestore.com\/wp-content\/uploads\/2025\/05\/1.png 600w, https:\/\/zintiquestore.com\/wp-content\/uploads\/2025\/05\/1-300x300.png 300w, https:\/\/zintiquestore.com\/wp-content\/uploads\/2025\/05\/1-150x150.png 150w, https:\/\/zintiquestore.com\/wp-content\/uploads\/2025\/05\/1-12x12.png 12w, https:\/\/zintiquestore.com\/wp-content\/uploads\/2025\/05\/1-450x450.png 450w, https:\/\/zintiquestore.com\/wp-content\/uploads\/2025\/05\/1-54x54.png 54w\" sizes=\"(max-width: 600px) 100vw, 600px\" \/>\t\t\t\t\t\t\t\t<\/a>\n\t\t\t\t\t\t\t\t\t\t\t\t\t\t\t<\/div>\n\t\t\t\t<\/div>\n\t\t\t\t\t<\/div>\n\t\t\t\t<\/div>\n\t\t<div class=\"elementor-element elementor-element-0ac9920 e-flex e-con-boxed e-con e-parent\" data-id=\"0ac9920\" data-element_type=\"container\">\n\t\t\t\t\t<div class=\"e-con-inner\">\n\t\t\t\t\t<\/div>\n\t\t\t\t<\/div>\n\t\t<div class=\"elementor-element elementor-element-2de88ee e-flex e-con-boxed e-con e-parent\" data-id=\"2de88ee\" data-element_type=\"container\">\n\t\t\t\t\t<div class=\"e-con-inner\">\n\t\t\t\t<div class=\"elementor-element elementor-element-9ef9c21 elementor-widget__width-initial elementor-widget elementor-widget-text-editor\" data-id=\"9ef9c21\" data-element_type=\"widget\" data-widget_type=\"text-editor.default\">\n\t\t\t\t<div class=\"elementor-widget-container\">\n\t\t\t\t\t\t\t\t\t<p style=\"text-align: center;\">\ud83e\uddd5 Burkinis modernes : Alliant style, confort et discr\u00e9tion, nos burkinis sont parfaits pour profiter de la plage ou de la piscine en toute s\u00e9r\u00e9nit\u00e9.<br \/>\ud83d\udc57 Ensembles : Des tenues soigneusement s\u00e9lectionn\u00e9es pour mettre en valeur la f\u00e9minit\u00e9 avec pudeur, tout en suivant les derni\u00e8res tendances de la mode.<br \/>\ud83d\udc5a Des tops \u00e9l\u00e9gants et couvrants, pens\u00e9s pour allier pudeur, confort et style. Id\u00e9als au quotidien comme en sortie.<br \/>\ud83c\udf1f Nos valeurs \ud83c\udf1f<\/p><p style=\"text-align: center;\">Pudeur &amp; \u00c9l\u00e9gance : Chaque article refl\u00e8te notre engagement pour une mode respectueuse et chic.<\/p><p style=\"text-align: center;\">Qualit\u00e9 &amp; Confort : Nous choisissons des mati\u00e8res douces, durables et adapt\u00e9es \u00e0 toutes les morphologies.<\/p><p style=\"text-align: center;\">Zintiquestore, c\u2019est plus qu\u2019une boutique : c\u2019est une communaut\u00e9 de femmes qui affirment leur style tout en respectant leurs valeurs.<\/p><center><b>Rejoignez-nous <\/b>et d\u00e9couvrez une nouvelle fa\u00e7on de vivre la mode au f\u00e9minin.<\/center>\t\t\t\t\t\t\t\t<\/div>\n\t\t\t\t<\/div>\n\t\t\t\t\t<\/div>\n\t\t\t\t<\/div>\n\t\t<div class=\"elementor-element elementor-element-9c62697 e-flex e-con-boxed e-con e-parent\" data-id=\"9c62697\" data-element_type=\"container\">\n\t\t\t\t\t<div class=\"e-con-inner\">\n\t\t\t\t<div class=\"elementor-element elementor-element-67b832f elementor-shape-circle elementor-grid-0 e-grid-align-center elementor-widget elementor-widget-social-icons\" data-id=\"67b832f\" data-element_type=\"widget\" data-widget_type=\"social-icons.default\">\n\t\t\t\t<div class=\"elementor-widget-container\">\n\t\t\t\t\t\t\t<div class=\"elementor-social-icons-wrapper elementor-grid\">\n\t\t\t\t\t\t\t<span class=\"elementor-grid-item\">\n\t\t\t\t\t<a class=\"elementor-icon elementor-social-icon elementor-social-icon-instagram elementor-repeater-item-a74d7cc\" href=\"https:\/\/www.instagram.com\/zentiyk\/\" target=\"_blank\">\n\t\t\t\t\t\t<span class=\"elementor-screen-only\">Instagram<\/span>\n\t\t\t\t\t\t<svg aria-hidden=\"true\" class=\"e-font-icon-svg e-fab-instagram\" viewbox=\"0 0 448 512\" xmlns=\"http:\/\/www.w3.org\/2000\/svg\"><path d=\"M224.1 141c-63.6 0-114.9 51.3-114.9 114.9s51.3 114.9 114.9 114.9S339 319.5 339 255.9 287.7 141 224.1 141zm0 189.6c-41.1 0-74.7-33.5-74.7-74.7s33.5-74.7 74.7-74.7 74.7 33.5 74.7 74.7-33.6 74.7-74.7 74.7zm146.4-194.3c0 14.9-12 26.8-26.8 26.8-14.9 0-26.8-12-26.8-26.8s12-26.8 26.8-26.8 26.8 12 26.8 26.8zm76.1 27.2c-1.7-35.9-9.9-67.7-36.2-93.9-26.2-26.2-58-34.4-93.9-36.2-37-2.1-147.9-2.1-184.9 0-35.8 1.7-67.6 9.9-93.9 36.1s-34.4 58-36.2 93.9c-2.1 37-2.1 147.9 0 184.9 1.7 35.9 9.9 67.7 36.2 93.9s58 34.4 93.9 36.2c37 2.1 147.9 2.1 184.9 0 35.9-1.7 67.7-9.9 93.9-36.2 26.2-26.2 34.4-58 36.2-93.9 2.1-37 2.1-147.8 0-184.8zM398.8 388c-7.8 19.6-22.9 34.7-42.6 42.6-29.5 11.7-99.5 9-132.1 9s-102.7 2.6-132.1-9c-19.6-7.8-34.7-22.9-42.6-42.6-11.7-29.5-9-99.5-9-132.1s-2.6-102.7 9-132.1c7.8-19.6 22.9-34.7 42.6-42.6 29.5-11.7 99.5-9 132.1-9s102.7-2.6 132.1 9c19.6 7.8 34.7 22.9 42.6 42.6 11.7 29.5 9 99.5 9 132.1s2.7 102.7-9 132.1z\"><\/path><\/svg>\t\t\t\t\t<\/a>\n\t\t\t\t<\/span>\n\t\t\t\t\t<\/div>\n\t\t\t\t\t\t<\/div>\n\t\t\t\t<\/div>\n\t\t\t\t\t<\/div>\n\t\t\t\t<\/div>\n\t\t\t\t<\/div>","protected":false},"excerpt":{"rendered":"<p>A propos de Zintiquestore Bienvenue chez Zintiquestore, votre boutique en ligne d\u00e9di\u00e9e \u00e0 la mode f\u00e9minine pudique et \u00e9l\u00e9gante.Sp\u00e9cialement con\u00e7ue pour les femmes et les jeunes filles. \ud83e\uddd5 Burkinis modernes : Alliant style, confort et discr\u00e9tion, nos burkinis sont parfaits pour profiter de la plage ou de la piscine en toute s\u00e9r\u00e9nit\u00e9.\ud83d\udc57 Ensembles : Des<\/p>\n<div class=\"klb-readmore entry-button\"><a class=\"btn link\" href=\"https:\/\/zintiquestore.com\/en\/about-us\/\">Read More <i class=\"klbth-icon-right-arrow\"><\/i><\/a><\/div>","protected":false},"author":2,"featured_media":0,"parent":0,"menu_order":0,"comment_status":"closed","ping_status":"closed","template":"","meta":{"footnotes":""},"class_list":["post-1996","page","type-page","status-publish","hentry"],"aioseo_notices":[],"_links":{"self":[{"href":"https:\/\/zintiquestore.com\/en\/wp-json\/wp\/v2\/pages\/1996","targetHints":{"allow":["GET"]}}],"collection":[{"href":"https:\/\/zintiquestore.com\/en\/wp-json\/wp\/v2\/pages"}],"about":[{"href":"https:\/\/zintiquestore.com\/en\/wp-json\/wp\/v2\/types\/page"}],"author":[{"embeddable":true,"href":"https:\/\/zintiquestore.com\/en\/wp-json\/wp\/v2\/users\/2"}],"replies":[{"embeddable":true,"href":"https:\/\/zintiquestore.com\/en\/wp-json\/wp\/v2\/comments?post=1996"}],"version-history":[{"count":95,"href":"https:\/\/zintiquestore.com\/en\/wp-json\/wp\/v2\/pages\/1996\/revisions"}],"predecessor-version":[{"id":3491,"href":"https:\/\/zintiquestore.com\/en\/wp-json\/wp\/v2\/pages\/1996\/revisions\/3491"}],"wp:attachment":[{"href":"https:\/\/zintiquestore.com\/en\/wp-json\/wp\/v2\/media?parent=1996"}],"curies":[{"name":"wp","href":"https:\/\/api.w.org\/{rel}","templated":true}]}}