{"id":2181,"date":"2022-06-04T06:09:03","date_gmt":"2022-06-04T06:09:03","guid":{"rendered":"https:\/\/klbtheme.com\/clotya\/?page_id=2181"},"modified":"2025-06-03T09:15:29","modified_gmt":"2025-06-03T09:15:29","slug":"contact","status":"publish","type":"page","link":"https:\/\/zintiquestore.com\/en\/contact\/","title":{"rendered":"Contact"},"content":{"rendered":"<div data-elementor-type=\"wp-page\" data-elementor-id=\"2181\" class=\"elementor elementor-2181\">\n\t\t\t\t<div class=\"elementor-element elementor-element-2dfc984 e-con-full e-flex e-con e-parent\" data-id=\"2dfc984\" data-element_type=\"container\">\n\t\t\t\t<div class=\"elementor-element elementor-element-40bc76b elementor-widget__width-inherit elementor-widget elementor-widget-clotya-home-slider\" data-id=\"40bc76b\" data-element_type=\"widget\" data-widget_type=\"clotya-home-slider.default\">\n\t\t\t\t<div class=\"elementor-widget-container\">\n\t\t\t\t\t<div class=\"site-module module-slider\"><div class=\"module-body\"><div class=\"site-slider slider owl-carousel arrow-1\" data-desktop=\"1\" data-tablet=\"1\" data-mobile=\"1\" data-speed=\"600\" data-loop=\"true\" data-gutter=\"0\" data-dots=\"true\" data-nav=\"true\" data-autoplay=\"false\" data-autospeed=\"\" data-autostop=\"true\"><div class=\"banner light content-middle content-left\"><div class=\"banner-content\"><div class=\"banner-inner\"><h4 class=\"entry-subtitle\"><\/h4><h2 class=\"entry-title\"><\/h2><\/div><!-- banner-inner --><\/div><!-- banner-content --><div class=\"banner-image\"><img decoding=\"async\" src=\"https:\/\/zintiquestore.com\/wp-content\/uploads\/2025\/05\/2.jpg\" alt=\"slider\"><\/div><a href=\"\" class=\"overlay-link\"><\/a><\/div><!-- banner --><\/div><!-- site-slider --><\/div><!-- module-body --><\/div><!-- site-module -->\t\t\t\t<\/div>\n\t\t\t\t<\/div>\n\t\t\t\t<\/div>\n\t\t\t\t<section class=\"elementor-section elementor-top-section elementor-element elementor-element-e1cf337 elementor-section-boxed elementor-section-height-default elementor-section-height-default\" data-id=\"e1cf337\" data-element_type=\"section\">\n\t\t\t\t\t\t<div class=\"elementor-container elementor-column-gap-extended\">\n\t\t\t\t\t<div class=\"elementor-column elementor-col-50 elementor-top-column elementor-element elementor-element-66286e9 for-hero-bg\" data-id=\"66286e9\" data-element_type=\"column\">\n\t\t\t<div class=\"elementor-widget-wrap elementor-element-populated\">\n\t\t\t\t\t\t<div class=\"elementor-element elementor-element-c4b8e88 elementor-widget elementor-widget-heading\" data-id=\"c4b8e88\" data-element_type=\"widget\" data-widget_type=\"heading.default\">\n\t\t\t\t<div class=\"elementor-widget-container\">\n\t\t\t\t\t<h1 class=\"elementor-heading-title elementor-size-default\">Contacter nous<\/h1>\t\t\t\t<\/div>\n\t\t\t\t<\/div>\n\t\t\t\t<div class=\"elementor-element elementor-element-c9b1d7d elementor-widget elementor-widget-heading\" data-id=\"c9b1d7d\" data-element_type=\"widget\" data-widget_type=\"heading.default\">\n\t\t\t\t<div class=\"elementor-widget-container\">\n\t\t\t\t\t<p class=\"elementor-heading-title elementor-size-default\">Notre \u00e9quipe de support est disponible pour vous aider par t\u00e9l\u00e9phone et par email. N'h\u00e9sitez pas \u00e0 nous contacter pour toute question ou assistance.<\/p>\t\t\t\t<\/div>\n\t\t\t\t<\/div>\n\t\t\t\t<div class=\"elementor-element elementor-element-713ad1e elementor-widget elementor-widget-clotya-contact-form-7\" data-id=\"713ad1e\" data-element_type=\"widget\" data-widget_type=\"clotya-contact-form-7.default\">\n\t\t\t\t<div class=\"elementor-widget-container\">\n\t\t\t\t\t<div class=\"contact-form\">\n<div class=\"wpcf7 no-js\" id=\"wpcf7-f2200-o1\" lang=\"en-US\" dir=\"ltr\" data-wpcf7-id=\"2200\">\n<div class=\"screen-reader-response\"><p role=\"status\" aria-live=\"polite\" aria-atomic=\"true\"><\/p> <ul><\/ul><\/div>\n<form action=\"\/en\/wp-json\/wp\/v2\/pages\/2181#wpcf7-f2200-o1\" method=\"post\" class=\"wpcf7-form init\" aria-label=\"Contact form\" novalidate=\"novalidate\" data-status=\"init\" data-trp-original-action=\"\/en\/wp-json\/wp\/v2\/pages\/2181#wpcf7-f2200-o1\">\n<fieldset class=\"hidden-fields-container\"><input type=\"hidden\" name=\"_wpcf7\" value=\"2200\" \/><input type=\"hidden\" name=\"_wpcf7_version\" value=\"6.1.1\" \/><input type=\"hidden\" name=\"_wpcf7_locale\" value=\"en_US\" \/><input type=\"hidden\" name=\"_wpcf7_unit_tag\" value=\"wpcf7-f2200-o1\" \/><input type=\"hidden\" name=\"_wpcf7_container_post\" value=\"0\" \/><input type=\"hidden\" name=\"_wpcf7_posted_data_hash\" value=\"\" \/>\n<\/fieldset>\n<div class=\"row\">\n\t<div class=\"col-12 col-lg-6\">\n\t\t<p><label> Votre nom * <\/label><br \/>\n<span class=\"wpcf7-form-control-wrap\" data-name=\"your-name\"><input size=\"40\" maxlength=\"400\" class=\"wpcf7-form-control wpcf7-text wpcf7-validates-as-required\" aria-required=\"true\" aria-invalid=\"false\" value=\"\" type=\"text\" name=\"your-name\" \/><\/span>\n\t\t<\/p>\n\t<\/div>\n\t<div class=\"col-12 col-lg-6\">\n\t\t<p><label> Votre email *<\/label><br \/>\n<span class=\"wpcf7-form-control-wrap\" data-name=\"your-email\"><input size=\"40\" maxlength=\"400\" class=\"wpcf7-form-control wpcf7-email wpcf7-validates-as-required wpcf7-text wpcf7-validates-as-email\" aria-required=\"true\" aria-invalid=\"false\" value=\"\" type=\"email\" name=\"your-email\" \/><\/span>\n\t\t<\/p>\n\t<\/div>\n\t<div class=\"col-12 col-lg-12\">\n\t\t<p><label> Sujet * <\/label><br \/>\n<span class=\"wpcf7-form-control-wrap\" data-name=\"your-subject\"><input size=\"40\" maxlength=\"400\" class=\"wpcf7-form-control wpcf7-text wpcf7-validates-as-required\" aria-required=\"true\" aria-invalid=\"false\" value=\"\" type=\"text\" name=\"your-subject\" \/><\/span>\n\t\t<\/p>\n\t<\/div>\n\t<div class=\"col-12 col-lg-12\">\n\t\t<p><label> Votre message <\/label><br \/>\n<span class=\"wpcf7-form-control-wrap\" data-name=\"your-message\"><textarea cols=\"40\" rows=\"10\" maxlength=\"2000\" class=\"wpcf7-form-control wpcf7-textarea\" aria-invalid=\"false\" name=\"your-message\"><\/textarea><\/span>\n\t\t<\/p>\n\t<\/div>\n\t<div class=\"col-12 col-lg-12\">\n\t\t<p><input class=\"wpcf7-form-control wpcf7-submit has-spinner\" type=\"submit\" value=\"Envoyer le Message\" \/>\n\t\t<\/p>\n\t<\/div>\n<\/div><div class=\"wpcf7-response-output\" aria-hidden=\"true\"><\/div>\n<input type=\"hidden\" name=\"trp-form-language\" value=\"en\"\/><\/form>\n<\/div>\n<\/div><!-- contact-form -->\t\t\t\t<\/div>\n\t\t\t\t<\/div>\n\t\t\t\t\t<\/div>\n\t\t<\/div>\n\t\t\t\t<div class=\"elementor-column elementor-col-25 elementor-top-column elementor-element elementor-element-a6ef122 elementor-hidden-tablet elementor-hidden-mobile\" data-id=\"a6ef122\" data-element_type=\"column\">\n\t\t\t<div class=\"elementor-widget-wrap\">\n\t\t\t\t\t\t\t<\/div>\n\t\t<\/div>\n\t\t\t\t<div class=\"elementor-column elementor-col-25 elementor-top-column elementor-element elementor-element-6d57c76\" data-id=\"6d57c76\" data-element_type=\"column\">\n\t\t\t<div class=\"elementor-widget-wrap elementor-element-populated\">\n\t\t\t\t\t\t<div class=\"elementor-element elementor-element-b6a20cf elementor-widget elementor-widget-clotya-contact-icon-box\" data-id=\"b6a20cf\" data-element_type=\"widget\" data-widget_type=\"clotya-contact-icon-box.default\">\n\t\t\t\t<div class=\"elementor-widget-container\">\n\t\t\t\t\t<div class=\"iconbox-contact\"><div class=\"icon\"><i class=\"klbth-icon-store\"><\/i><\/div><div class=\"detail\"><h4 class=\"entry-header\">Zintiquestore<\/h4><p><p>T\u00e9l\u00e9phone: 07 67 51 94 22<br \/>Email: <a href=\"mailto:Contact@zintiquestore.com\">Contact@zintiquestore.com<\/a><\/p><\/p><\/div><!-- detail --><\/div><!-- iconbox-contact -->\t\t\t\t<\/div>\n\t\t\t\t<\/div>\n\t\t\t\t<div class=\"elementor-element elementor-element-6ccab62 elementor-widget elementor-widget-clotya-contact-icon-box\" data-id=\"6ccab62\" data-element_type=\"widget\" data-widget_type=\"clotya-contact-icon-box.default\">\n\t\t\t\t<div class=\"elementor-widget-container\">\n\t\t\t\t\t<div class=\"iconbox-contact\"><div class=\"icon\"><i class=\"klbth-icon-open\"><\/i><\/div><div class=\"detail\"><h4 class=\"entry-header\">Horaire de travail<\/h4><p><p>Lundi - Vendredi : 9h - 18h<br \/><br \/><\/p><\/p><\/div><!-- detail --><\/div><!-- iconbox-contact -->\t\t\t\t<\/div>\n\t\t\t\t<\/div>\n\t\t\t\t\t<\/div>\n\t\t<\/div>\n\t\t\t\t\t<\/div>\n\t\t<\/section>\n\t\t\t\t<\/div>","protected":false},"excerpt":{"rendered":"<p>Contacter nous Notre \u00e9quipe de support est disponible pour vous aider par t\u00e9l\u00e9phone et par email. N&rsquo;h\u00e9sitez pas \u00e0 nous contacter pour toute question ou assistance. Votre nom * Votre email * Sujet * Votre message Zintiquestore T\u00e9l\u00e9phone: 07 67 51 94 22Email: Contact@zintiquestore.com Horaire de travail Lundi &#8211; Vendredi : 9h &#8211; 18h<\/p>","protected":false},"author":2,"featured_media":0,"parent":0,"menu_order":0,"comment_status":"closed","ping_status":"closed","template":"","meta":{"footnotes":""},"class_list":["post-2181","page","type-page","status-publish","hentry"],"aioseo_notices":[],"_links":{"self":[{"href":"https:\/\/zintiquestore.com\/en\/wp-json\/wp\/v2\/pages\/2181","targetHints":{"allow":["GET"]}}],"collection":[{"href":"https:\/\/zintiquestore.com\/en\/wp-json\/wp\/v2\/pages"}],"about":[{"href":"https:\/\/zintiquestore.com\/en\/wp-json\/wp\/v2\/types\/page"}],"author":[{"embeddable":true,"href":"https:\/\/zintiquestore.com\/en\/wp-json\/wp\/v2\/users\/2"}],"replies":[{"embeddable":true,"href":"https:\/\/zintiquestore.com\/en\/wp-json\/wp\/v2\/comments?post=2181"}],"version-history":[{"count":46,"href":"https:\/\/zintiquestore.com\/en\/wp-json\/wp\/v2\/pages\/2181\/revisions"}],"predecessor-version":[{"id":3449,"href":"https:\/\/zintiquestore.com\/en\/wp-json\/wp\/v2\/pages\/2181\/revisions\/3449"}],"wp:attachment":[{"href":"https:\/\/zintiquestore.com\/en\/wp-json\/wp\/v2\/media?parent=2181"}],"curies":[{"name":"wp","href":"https:\/\/api.w.org\/{rel}","templated":true}]}}