{"id":3137,"date":"2025-05-14T21:02:03","date_gmt":"2025-05-14T21:02:03","guid":{"rendered":"https:\/\/zintiquestore.com\/?post_type=product&#038;p=3137"},"modified":"2025-06-06T16:02:59","modified_gmt":"2025-06-06T16:02:59","slug":"burkini-2025-imprime-mauve-pale","status":"publish","type":"product","link":"https:\/\/zintiquestore.com\/en\/shop\/burkini-2025-imprime-mauve-pale\/","title":{"rendered":"Burkini 2025 avec des manches imprim\u00e9s Mauve p\u00e2le"},"content":{"rendered":"<h2>Burkini 2025 \u00ab\u00a0Une nouvelle collection vous attendre\u00a0\u00bb<\/h2>\n<p>La nouvelle collection de <strong>Burkini 2025<\/strong> chez Zintiquestore apporte une touche de technologie et de style \u00e0 votre exp\u00e9rience aquatique. Con\u00e7us pour les femmes qui veulent profiter de la mer ou de la piscine tout en conservant leur modestie, nos burkinis allient \u00e0 la fois confort et \u00e9l\u00e9gance. Avec des coupes modernes et un design chic, ce burkini vous permet d&rsquo;affirmer votre style tout en profitant de l&rsquo;eau sans contraintes.<\/p>\n<h2>Mat\u00e9riaux de Haute Qualit\u00e9<\/h2>\n<p>Fabriqu\u00e9s \u00e0 partir de tissus sp\u00e9cialement s\u00e9lectionn\u00e9s, nos burkinis sont r\u00e9sistants, extensibles et faciles \u00e0 s\u00e9cher. Chaque pi\u00e8ce de la <strong>collection 2025<\/strong> est con\u00e7ue pour offrir une excellente protection contre les rayons UV, tout en garantissant une libert\u00e9 de mouvement optimale. Que vous soyez \u00e0 la plage ou \u00e0 la piscine, vous vous sentirez prot\u00e9g\u00e9e et \u00e0 l&rsquo;aise dans chacune de vos activit\u00e9s aquatiques.<\/p>\n<h2>Un Choix \u00c9cologique<\/h2>\n<p>Chez <strong>Zintiquestore,<\/strong> nous tenons \u00e0 ce que notre impact environnemental soit minime. C&rsquo;est pourquoi notre nouvelle collection de <strong>burkini 2025<\/strong> utilise des mat\u00e9riaux durables et respectueux de l&rsquo;environnement. En choisissant notre burkini, non seulement vous optez pour un produit de qualit\u00e9 sup\u00e9rieure, mais vous faites \u00e9galement un choix \u00e9thique. Un look styl\u00e9 avec une conscience \u00e9cologique, c&rsquo;est la philosophie de Zintiquestore.<\/p>","protected":false},"excerpt":{"rendered":"<blockquote>\n<h1 data-start=\"423\" data-end=\"454\">Burkini 2025 pr\u00e9parer vous pour l&rsquo;\u00e9t\u00e9 2025<\/h1>\n<\/blockquote>\n<h3 class=\"\" data-start=\"423\" data-end=\"454\">\ud83c\udfa8 <strong data-start=\"430\" data-end=\"452\">Couleurs et motifs<\/strong> :<\/h3>\n<ul>\n<li><strong data-start=\"458\" data-end=\"501\">Partie principale (tunique et leggings)<\/strong> : Un <strong data-start=\"507\" data-end=\"535\">lilas clair \/ mauve p\u00e2le<\/strong>, tr\u00e8s doux et f\u00e9minin.<\/li>\n<li><strong data-start=\"561\" data-end=\"572\">Manches<\/strong> : Motifs multicolores g\u00e9om\u00e9triques en nuances <strong data-start=\"619\" data-end=\"637\">bleu turquoise<\/strong>, <strong data-start=\"639\" data-end=\"647\">rose<\/strong>, <strong data-start=\"649\" data-end=\"659\">violet<\/strong>, et <strong data-start=\"664\" data-end=\"673\">jaune<\/strong>, ajoutant une touche dynamique et vive \u00e0 l\u2019ensemble.<\/li>\n<\/ul>\n<p>&nbsp;<\/p>","protected":false},"featured_media":2846,"comment_status":"closed","ping_status":"closed","template":"","meta":[],"product_brand":[],"product_cat":[93],"product_tag":[107],"class_list":{"0":"post-3137","1":"product","2":"type-product","3":"status-publish","4":"has-post-thumbnail","6":"product_cat-burkini","7":"product_tag-burkini","8":"product_shipping_class-livraison-gratuite-sur-casablanca","10":"first","11":"instock","12":"shipping-taxable","13":"purchasable","14":"product-type-variable","15":"has-default-attributes"},"aioseo_notices":[],"_links":{"self":[{"href":"https:\/\/zintiquestore.com\/en\/wp-json\/wp\/v2\/product\/3137","targetHints":{"allow":["GET"]}}],"collection":[{"href":"https:\/\/zintiquestore.com\/en\/wp-json\/wp\/v2\/product"}],"about":[{"href":"https:\/\/zintiquestore.com\/en\/wp-json\/wp\/v2\/types\/product"}],"replies":[{"embeddable":true,"href":"https:\/\/zintiquestore.com\/en\/wp-json\/wp\/v2\/comments?post=3137"}],"wp:featuredmedia":[{"embeddable":true,"href":"https:\/\/zintiquestore.com\/en\/wp-json\/wp\/v2\/media\/2846"}],"wp:attachment":[{"href":"https:\/\/zintiquestore.com\/en\/wp-json\/wp\/v2\/media?parent=3137"}],"wp:term":[{"taxonomy":"product_brand","embeddable":true,"href":"https:\/\/zintiquestore.com\/en\/wp-json\/wp\/v2\/product_brand?post=3137"},{"taxonomy":"product_cat","embeddable":true,"href":"https:\/\/zintiquestore.com\/en\/wp-json\/wp\/v2\/product_cat?post=3137"},{"taxonomy":"product_tag","embeddable":true,"href":"https:\/\/zintiquestore.com\/en\/wp-json\/wp\/v2\/product_tag?post=3137"}],"curies":[{"name":"wp","href":"https:\/\/api.w.org\/{rel}","templated":true}]}}