{"id":3248,"date":"2025-05-15T20:51:06","date_gmt":"2025-05-15T20:51:06","guid":{"rendered":"https:\/\/zintiquestore.com\/?post_type=product&#038;p=3248"},"modified":"2025-05-27T21:01:03","modified_gmt":"2025-05-27T21:01:03","slug":"robe-de-plage-beige","status":"publish","type":"product","link":"https:\/\/zintiquestore.com\/en\/shop\/robe-de-plage-beige\/","title":{"rendered":"Robe longue de plage Beige"},"content":{"rendered":"<p>Alliez <strong data-start=\"77\" data-end=\"101\">modestie et \u00e9l\u00e9gance<\/strong> avec cette robe de plage longue pour femmes voil\u00e9es. Con\u00e7ue dans un tissu fluide et l\u00e9ger, elle offre une <strong data-start=\"208\" data-end=\"223\">coupe ample<\/strong>, des <strong data-start=\"229\" data-end=\"248\">manches longues<\/strong> et une <strong data-start=\"256\" data-end=\"273\">longueur maxi<\/strong> pour une couvrance parfaite. Id\u00e9ale \u00e0 porter sur un maillot de bain modeste, elle est parfaite pour vos journ\u00e9es ensoleill\u00e9es \u00e0 la plage ou \u00e0 la piscine.<\/p>","protected":false},"excerpt":{"rendered":"<h3 class=\"\" data-start=\"423\" data-end=\"454\">\ud83c\udfa8 <strong data-start=\"430\" data-end=\"452\">Couleurs et motifs<\/strong> :<\/h3>\n<ul>\n<li class=\"\" data-start=\"561\" data-end=\"603\">\n<p class=\"\" data-start=\"563\" data-end=\"603\"><strong data-start=\"563\" data-end=\"583\">Corps du burkini<\/strong> : <strong>Blanc<\/strong><\/p>\n<\/li>\n<\/ul>","protected":false},"featured_media":3252,"comment_status":"open","ping_status":"closed","template":"","meta":[],"product_brand":[],"product_cat":[98],"product_tag":[108],"class_list":{"0":"post-3248","1":"product","2":"type-product","3":"status-publish","4":"has-post-thumbnail","6":"product_cat-robes","7":"product_tag-robes","8":"product_shipping_class-livraison-gratuite-sur-casablanca","10":"first","11":"instock","12":"shipping-taxable","13":"purchasable","14":"product-type-variable","15":"has-default-attributes"},"aioseo_notices":[],"_links":{"self":[{"href":"https:\/\/zintiquestore.com\/en\/wp-json\/wp\/v2\/product\/3248","targetHints":{"allow":["GET"]}}],"collection":[{"href":"https:\/\/zintiquestore.com\/en\/wp-json\/wp\/v2\/product"}],"about":[{"href":"https:\/\/zintiquestore.com\/en\/wp-json\/wp\/v2\/types\/product"}],"replies":[{"embeddable":true,"href":"https:\/\/zintiquestore.com\/en\/wp-json\/wp\/v2\/comments?post=3248"}],"wp:featuredmedia":[{"embeddable":true,"href":"https:\/\/zintiquestore.com\/en\/wp-json\/wp\/v2\/media\/3252"}],"wp:attachment":[{"href":"https:\/\/zintiquestore.com\/en\/wp-json\/wp\/v2\/media?parent=3248"}],"wp:term":[{"taxonomy":"product_brand","embeddable":true,"href":"https:\/\/zintiquestore.com\/en\/wp-json\/wp\/v2\/product_brand?post=3248"},{"taxonomy":"product_cat","embeddable":true,"href":"https:\/\/zintiquestore.com\/en\/wp-json\/wp\/v2\/product_cat?post=3248"},{"taxonomy":"product_tag","embeddable":true,"href":"https:\/\/zintiquestore.com\/en\/wp-json\/wp\/v2\/product_tag?post=3248"}],"curies":[{"name":"wp","href":"https:\/\/api.w.org\/{rel}","templated":true}]}}